{"id":4833,"date":"2024-08-07T14:49:30","date_gmt":"2024-08-07T14:49:30","guid":{"rendered":"https:\/\/cooemtulua.coop\/site\/?page_id=4833"},"modified":"2024-08-08T15:06:44","modified_gmt":"2024-08-08T15:06:44","slug":"nuestra-historia","status":"publish","type":"page","link":"https:\/\/cooemtulua.coop\/site\/nuestra-historia\/","title":{"rendered":"Nuestra Historia"},"content":{"rendered":"<p>[et_pb_section fb_built=&#8221;1&#8243; admin_label=&#8221;Header &#038; Products&#8221; _builder_version=&#8221;4.25.2&#8243; _module_preset=&#8221;default&#8221; use_background_color_gradient=&#8221;on&#8221; background_color_gradient_stops=&#8221;rgba(0,0,0,0.24) 0%|rgba(0,0,0,0.72) 100%&#8221; background_color_gradient_overlays_image=&#8221;on&#8221; background_image=&#8221;https:\/\/cooemtulua.coop\/site\/wp-content\/uploads\/2024\/08\/Office-background.jpg&#8221; saved_tabs=&#8221;all&#8221; collapsed=&#8221;on&#8221; global_colors_info=&#8221;{}&#8221;][et_pb_row _builder_version=&#8221;4.27.0&#8243; _module_preset=&#8221;default&#8221; max_width=&#8221;800px&#8221; locked=&#8221;off&#8221; global_colors_info=&#8221;{}&#8221;][et_pb_column type=&#8221;4_4&#8243; _builder_version=&#8221;4.23.2&#8243; _module_preset=&#8221;default&#8221; global_colors_info=&#8221;{}&#8221;][et_pb_text _builder_version=&#8221;4.27.0&#8243; _module_preset=&#8221;_initial&#8221; header_font=&#8221;Poppins|700|||||||&#8221; header_text_color=&#8221;#FFFFFF&#8221; header_font_size=&#8221;54px&#8221; text_orientation=&#8221;center&#8221; custom_margin=&#8221;||10px||false|false&#8221; header_font_size_tablet=&#8221;54px&#8221; header_font_size_phone=&#8221;45px&#8221; header_font_size_last_edited=&#8221;on|phone&#8221; global_colors_info=&#8221;{}&#8221;]<\/p>\n<h1>La Cooperativa<\/h1>\n<p>[\/et_pb_text][\/et_pb_column][\/et_pb_row][\/et_pb_section][et_pb_section fb_built=&#8221;1&#8243; admin_label=&#8221;Products&#8221; _builder_version=&#8221;4.23.2&#8243; _module_preset=&#8221;default&#8221; custom_padding=&#8221;0px|||||&#8221; collapsed=&#8221;on&#8221; global_colors_info=&#8221;{}&#8221;][et_pb_row _builder_version=&#8221;4.23.2&#8243; _module_preset=&#8221;default&#8221; global_colors_info=&#8221;{}&#8221;][et_pb_column type=&#8221;4_4&#8243; _builder_version=&#8221;4.23.2&#8243; _module_preset=&#8221;default&#8221; global_colors_info=&#8221;{}&#8221;][et_pb_text _builder_version=&#8221;4.25.2&#8243; _module_preset=&#8221;_initial&#8221; header_2_font=&#8221;Poppins|700|||||||&#8221; header_2_text_color=&#8221;#144434&#8243; header_2_font_size=&#8221;48px&#8221; text_orientation=&#8221;center&#8221; custom_margin=&#8221;||10px||false|false&#8221; animation_style=&#8221;fade&#8221; global_colors_info=&#8221;{}&#8221;]<\/p>\n<h2>Rese\u00f1a Hist\u00f3rica<\/h2>\n<p>[\/et_pb_text][et_pb_divider color=&#8221;#144434&#8243; divider_weight=&#8221;3px&#8221; _builder_version=&#8221;4.25.2&#8243; _module_preset=&#8221;default&#8221; max_width=&#8221;14%&#8221; module_alignment=&#8221;center&#8221; animation_style=&#8221;fade&#8221; global_colors_info=&#8221;{}&#8221;][\/et_pb_divider][et_pb_text _builder_version=&#8221;4.25.2&#8243; _module_preset=&#8221;_initial&#8221; text_font=&#8221;Poppins|300|||||||&#8221; text_text_color=&#8221;#5e5e5e&#8221; text_font_size=&#8221;16px&#8221; text_orientation=&#8221;center&#8221; animation_style=&#8221;fade&#8221; global_colors_info=&#8221;{}&#8221;]<\/p>\n<p style=\"text-align: justify;\">La Cooperativa de los Trabajadores de Empresas Municipales, Cooemtulu\u00e1, fue fundada el 13 de noviembre de 1965 por 49 integrantes del Sindicato de las Empresas Municipales de Tulu\u00e1, Emtulu\u00e1, que en su momento administraba los servicios de acueducto, alcantarillado, el Matadero, el pabell\u00f3n de carnes y las galer\u00edas.<\/p>\n<p>[\/et_pb_text][\/et_pb_column][\/et_pb_row][et_pb_row column_structure=&#8221;1_2,1_2&#8243; _builder_version=&#8221;4.25.2&#8243; _module_preset=&#8221;default&#8221; animation_style=&#8221;fade&#8221; global_colors_info=&#8221;{}&#8221;][et_pb_column type=&#8221;1_2&#8243; _builder_version=&#8221;4.24.2&#8243; _module_preset=&#8221;default&#8221; global_colors_info=&#8221;{}&#8221;][et_pb_image src=&#8221;https:\/\/cooemtulua.coop\/site\/wp-content\/uploads\/2018\/10\/FOTO-DEL-RECUERDO.jpg&#8221; title_text=&#8221;FOTO-DEL-RECUERDO&#8221; show_bottom_space=&#8221;off&#8221; force_fullwidth=&#8221;on&#8221; _builder_version=&#8221;4.25.2&#8243; _module_preset=&#8221;default&#8221; border_radii=&#8221;off|36px||36px|&#8221; global_colors_info=&#8221;{}&#8221;][\/et_pb_image][\/et_pb_column][et_pb_column type=&#8221;1_2&#8243; _builder_version=&#8221;4.24.2&#8243; _module_preset=&#8221;default&#8221; global_colors_info=&#8221;{}&#8221;][et_pb_text _builder_version=&#8221;4.25.2&#8243; _module_preset=&#8221;_initial&#8221; text_font=&#8221;Poppins|300|||||||&#8221; text_text_color=&#8221;#5e5e5e&#8221; text_font_size=&#8221;16px&#8221; text_orientation=&#8221;center&#8221; global_colors_info=&#8221;{}&#8221;]<\/p>\n<p align=\"justify\">Cooemtulu\u00e1 inici\u00f3 labores en la sede de Utraval, ubicada en la carrera 23 con calle 24. Luego, el gerente de Emtulu\u00e1, Carlos Alberto Potes, (q.e.p.d.) cede una oficina para la Cooperativa en esta empresa y aporta $10.000 para fortalecer el proceso cooperativo. En sus primeros a\u00f1os, Cooemtulu\u00e1 estuvo integrado exclusivamente por los empleados y funcionarios de la mencionada Entidad.<\/p>\n<p align=\"justify\">No obstante, los primeros 23 a\u00f1os de existencia de Cooemtulu\u00e1 estuvieron rodeados de diversas crisis financieras cuyos gerentes, la mayor\u00eda nombrados en calidad de encargo temporal, procuraron conjurar con rifas afectando su credibilidad y destruyendo su capital social.<\/p>\n<p>[\/et_pb_text][\/et_pb_column][\/et_pb_row][\/et_pb_section][et_pb_section fb_built=&#8221;1&#8243; admin_label=&#8221;FAQ&#8221; _builder_version=&#8221;4.25.2&#8243; _module_preset=&#8221;default&#8221; custom_margin=&#8221;0px||0px||true|false&#8221; custom_padding=&#8221;0px||0px||true|false&#8221; collapsed=&#8221;on&#8221; global_colors_info=&#8221;{}&#8221;][et_pb_row column_structure=&#8221;3_5,2_5&#8243; _builder_version=&#8221;4.25.2&#8243; _module_preset=&#8221;default&#8221; custom_padding=&#8221;||1px|||&#8221; animation_style=&#8221;fade&#8221; global_colors_info=&#8221;{}&#8221;][et_pb_column type=&#8221;3_5&#8243; _builder_version=&#8221;4.23.2&#8243; _module_preset=&#8221;default&#8221; global_colors_info=&#8221;{}&#8221;][et_pb_text _builder_version=&#8221;4.25.2&#8243; _module_preset=&#8221;_initial&#8221; text_font=&#8221;Poppins|300|||||||&#8221; text_text_color=&#8221;#5e5e5e&#8221; text_font_size=&#8221;16px&#8221; text_orientation=&#8221;center&#8221; global_colors_info=&#8221;{}&#8221;]<\/p>\n<p align=\"justify\">Con el nombramiento del Contador P\u00fablico, Edixon Tenorio Quintero, Cooemtulu\u00e1 empieza a escribir un nuevo cap\u00edtulo en su historia. Este profesional con el acompa\u00f1amiento del Consejo de Administraci\u00f3n, la Junta de Vigilancia, los Comit\u00e9s de Educaci\u00f3n y Recreaci\u00f3n y los empleados, trazan una nueva ruta administrativa y financiera: se pagan las deudas, se abandona la oficina que ocupa en Emtulu\u00e1, se nombra enpropiedad un Contador P\u00fablico, se vinculan cuatro funcionarios, se cambi\u00f3 el v\u00ednculo de Cooemtulu\u00e1 de cerrado a abierto, es decir, todo ciudadano puede ser asociado; y se comienza a generar excedentes.<\/p>\n<p align=\"justify\">La base social de Cooemtulu\u00e1 est\u00e1 conformada por empleados, funcionarios y jubilados de la Alcald\u00eda, la Personer\u00eda, el Concejo, Docentes, la Polic\u00eda e independientes que hoy constituyen el mayor n\u00famero de asociados de nuestra Cooperativa.<\/p>\n<p align=\"justify\">En 2007 Cooemtulu\u00e1 compra la edificaci\u00f3n que hoy ocupa y fortalece sus programas de formaci\u00f3n de artes y oficios; el servicio gratuito de sicolog\u00eda; crea el grupo juvenil \u2018Tulu\u00e1 Vive\u2019; y se acerca a la comunidad con los programas de Transporte Urbano Escolar Gratuito y el proyecto ambiental \u2018Gotas de Vida\u2019. Adicionalmente, se robustece su portafolio de servicios y beneficios. En concordancia con su crecimiento y consolidaci\u00f3n, Cooemtulu\u00e1 hoy ejerce su liderazgo solidario en la regi\u00f3n al integrar, en cabeza de su Gerente, las juntas directivas de Confecoop Valle, Servivir y Seguros La Equidad.<\/p>\n<p>[\/et_pb_text][\/et_pb_column][et_pb_column type=&#8221;2_5&#8243; _builder_version=&#8221;4.23.2&#8243; _module_preset=&#8221;default&#8221; global_colors_info=&#8221;{}&#8221;][et_pb_image src=&#8221;https:\/\/cooemtulua.coop\/site\/wp-content\/uploads\/2024\/08\/Fundadores-Cooemtulua.jpg&#8221; title_text=&#8221;Fundadores Cooemtulua&#8221; align=&#8221;center&#8221; force_fullwidth=&#8221;on&#8221; _builder_version=&#8221;4.25.2&#8243; _module_preset=&#8221;default&#8221; max_height=&#8221;830px&#8221; border_radii=&#8221;off|36px||36px|&#8221; global_colors_info=&#8221;{}&#8221;][\/et_pb_image][\/et_pb_column][\/et_pb_row][et_pb_row _builder_version=&#8221;4.25.2&#8243; _module_preset=&#8221;default&#8221; global_colors_info=&#8221;{}&#8221;][et_pb_column type=&#8221;4_4&#8243; _builder_version=&#8221;4.25.2&#8243; _module_preset=&#8221;default&#8221; global_colors_info=&#8221;{}&#8221;][et_pb_button button_url=&#8221;https:\/\/cooemtulua.coop\/site\/wp-content\/uploads\/2024\/08\/Escritura-Publica-Constitucion-1.pdf&#8221; url_new_window=&#8221;on&#8221; button_text=&#8221;Ver Escritura P\u00fablica de Constituci\u00f3n&#8221; _builder_version=&#8221;4.27.0&#8243; _module_preset=&#8221;default&#8221; custom_button=&#8221;on&#8221; button_text_color=&#8221;#FFFFFF&#8221; button_bg_color=&#8221;#158543&#8243; button_border_width=&#8221;0px&#8221; button_border_radius=&#8221;8px&#8221; button_font=&#8221;Poppins||||||||&#8221; button_icon=&#8221;&#xf1c1;||fa||400&#8243; button_icon_color=&#8221;#FFFFFF&#8221; button_icon_placement=&#8221;left&#8221; button_on_hover=&#8221;off&#8221; global_colors_info=&#8221;{}&#8221;][\/et_pb_button][\/et_pb_column][\/et_pb_row][\/et_pb_section][et_pb_section fb_built=&#8221;1&#8243; admin_label=&#8221;Subscribe&#8221; _builder_version=&#8221;4.25.2&#8243; _module_preset=&#8221;default&#8221; background_image=&#8221;https:\/\/cooemtulua.coop\/site\/wp-content\/uploads\/2024\/08\/Fondo-Seccion-5.png&#8221; saved_tabs=&#8221;all&#8221; collapsed=&#8221;on&#8221; global_colors_info=&#8221;{%22gcid-0a70bcaa-1736-40e0-9723-4fb88b8b6694%22:%91%22background_color_gradient_stops%22%93}&#8221;][et_pb_row _builder_version=&#8221;4.25.2&#8243; _module_preset=&#8221;default&#8221; custom_padding=&#8221;||0px|||&#8221; animation_style=&#8221;fade&#8221; global_colors_info=&#8221;{}&#8221;][et_pb_column type=&#8221;4_4&#8243; _builder_version=&#8221;4.25.2&#8243; _module_preset=&#8221;default&#8221; global_colors_info=&#8221;{}&#8221;][et_pb_text _builder_version=&#8221;4.25.2&#8243; _module_preset=&#8221;_initial&#8221; header_2_font=&#8221;Poppins|700|||||||&#8221; header_2_text_color=&#8221;#144434&#8243; header_2_font_size=&#8221;48px&#8221; text_orientation=&#8221;center&#8221; custom_margin=&#8221;||10px||false|false&#8221; global_colors_info=&#8221;{}&#8221;]<\/p>\n<h2>Acerca de Nosotros<\/h2>\n<p>[\/et_pb_text][et_pb_divider color=&#8221;#144434&#8243; divider_weight=&#8221;3px&#8221; _builder_version=&#8221;4.25.2&#8243; _module_preset=&#8221;default&#8221; max_width=&#8221;14%&#8221; module_alignment=&#8221;center&#8221; animation_style=&#8221;fade&#8221; global_colors_info=&#8221;{}&#8221;][\/et_pb_divider][\/et_pb_column][\/et_pb_row][et_pb_row _builder_version=&#8221;4.27.0&#8243; _module_preset=&#8221;default&#8221; custom_padding=&#8221;||0px||false|false&#8221; animation_style=&#8221;fade&#8221; global_colors_info=&#8221;{}&#8221;][et_pb_column type=&#8221;4_4&#8243; _builder_version=&#8221;4.25.2&#8243; _module_preset=&#8221;default&#8221; global_colors_info=&#8221;{}&#8221;][et_pb_accordion open_toggle_background_color=&#8221;RGBA(255,255,255,0)&#8221; closed_toggle_background_color=&#8221;RGBA(255,255,255,0)&#8221; toggle_icon=&#8221;&#x4c;||divi||400&#8243; icon_color=&#8221;gcid-0a70bcaa-1736-40e0-9723-4fb88b8b6694&#8243; _builder_version=&#8221;4.27.0&#8243; _module_preset=&#8221;default&#8221; toggle_text_color=&#8221;#303030&#8243; toggle_font=&#8221;Poppins|700|||||||&#8221; toggle_font_size=&#8221;21px&#8221; toggle_line_height=&#8221;1.4em&#8221; body_font=&#8221;Poppins|300|||||||&#8221; body_text_align=&#8221;justify&#8221; body_font_size=&#8221;16px&#8221; body_line_height=&#8221;1.6em&#8221; toggle_font_size_tablet=&#8221;16px&#8221; toggle_font_size_phone=&#8221;14px&#8221; toggle_font_size_last_edited=&#8221;on|desktop&#8221; border_width_all=&#8221;0px&#8221; border_color_all=&#8221;#000000&#8243; border_width_bottom=&#8221;1px&#8221; locked=&#8221;off&#8221; global_colors_info=&#8221;{%22gcid-0a70bcaa-1736-40e0-9723-4fb88b8b6694%22:%91%22icon_color%22,%22toggle_text_color%22%93}&#8221;][et_pb_accordion_item title=&#8221;Qu\u00e9 es un Cooperativa?&#8221; open=&#8221;on&#8221; open_toggle_background_color=&#8221;RGBA(255,255,255,0)&#8221; _builder_version=&#8221;4.27.0&#8243; _module_preset=&#8221;default&#8221; global_colors_info=&#8221;{}&#8221; toggle_font_size_tablet=&#8221;&#8221; toggle_font_size_phone=&#8221;18px&#8221; toggle_font_size_last_edited=&#8221;on|phone&#8221;]<\/p>\n<p>Somos una cooperativa comprometida con el mejoramiento de la calidad de vida de nuestros asociados y sus familias mediante la prestaci\u00f3n de servicios y productos de calidad, competitivos en el mercado. Con un talento humano competente y dispuesto a trabajar con responsabilidad social integral en la formaci\u00f3n de un nuevo liderazgo que trascienda a las futuras generaciones de la regi\u00f3n.<\/p>\n<p>[\/et_pb_accordion_item][et_pb_accordion_item title=&#8221;Misi\u00f3n&#8221; _builder_version=&#8221;4.27.0&#8243; _module_preset=&#8221;default&#8221; global_colors_info=&#8221;{}&#8221; toggle_font_size_tablet=&#8221;&#8221; toggle_font_size_phone=&#8221;19px&#8221; toggle_font_size_last_edited=&#8221;on|phone&#8221; open=&#8221;off&#8221;]<\/p>\n<p>Somos una cooperativa comprometida con el mejoramiento de la calidad de vida de nuestros asociados y sus familias mediante la prestaci\u00f3n de servicios y productos de calidad, competitivos en el mercado. Con un talento humano competente y dispuesto a trabajar con responsabilidad social integral en la formaci\u00f3n de un nuevo liderazgo que trascienda a las futuras generaciones de la regi\u00f3n.<\/p>\n<p>[\/et_pb_accordion_item][et_pb_accordion_item title=&#8221;Visi\u00f3n&#8221; _builder_version=&#8221;4.27.0&#8243; _module_preset=&#8221;default&#8221; global_colors_info=&#8221;{}&#8221; toggle_font_size_tablet=&#8221;&#8221; toggle_font_size_phone=&#8221;19px&#8221; toggle_font_size_last_edited=&#8221;on|phone&#8221; open=&#8221;off&#8221;]<\/p>\n<p>Cooemtulu\u00e1 se consolidar\u00e1 para el a\u00f1o 2026 como una cooperativa competitiva en el sector solidario, con un crecimiento sostenible y un reconocimiento de su base social en la prestaci\u00f3n de servicios y beneficios, que contribuya al bienestar de los asociados, sus familias y generando impacto social en la comunidad.<\/p>\n<p>[\/et_pb_accordion_item][\/et_pb_accordion][et_pb_image src=&#8221;https:\/\/cooemtulua.coop\/site\/wp-content\/uploads\/2024\/08\/Banner-Seccion-4.png&#8221; title_text=&#8221;Banner-Seccio\u0301n-4&#8243; show_bottom_space=&#8221;off&#8221; align=&#8221;center&#8221; force_fullwidth=&#8221;on&#8221; _builder_version=&#8221;4.25.2&#8243; _module_preset=&#8221;default&#8221; module_alignment=&#8221;center&#8221; custom_padding=&#8221;||28px|||&#8221; animation_style=&#8221;fade&#8221; border_radii=&#8221;on|12px|12px|12px|12px&#8221; global_colors_info=&#8221;{}&#8221;][\/et_pb_image][\/et_pb_column][\/et_pb_row][\/et_pb_section][et_pb_section fb_built=&#8221;1&#8243; _builder_version=&#8221;4.27.0&#8243; _module_preset=&#8221;default&#8221; background_enable_color=&#8221;off&#8221; background_enable_image=&#8221;off&#8221; parallax=&#8221;on&#8221; global_colors_info=&#8221;{}&#8221;][et_pb_row _builder_version=&#8221;4.27.0&#8243; _module_preset=&#8221;default&#8221; global_colors_info=&#8221;{}&#8221;][et_pb_column type=&#8221;4_4&#8243; _builder_version=&#8221;4.27.0&#8243; _module_preset=&#8221;default&#8221; global_colors_info=&#8221;{}&#8221;][et_pb_text _builder_version=&#8221;4.27.0&#8243; _module_preset=&#8221;_initial&#8221; header_2_font=&#8221;Poppins|700|||||||&#8221; header_2_text_color=&#8221;#144434&#8243; header_2_font_size=&#8221;48px&#8221; text_orientation=&#8221;center&#8221; custom_margin=&#8221;||10px||false|false&#8221; animation_style=&#8221;fade&#8221; header_2_font_size_tablet=&#8221;48px&#8221; header_2_font_size_phone=&#8221;35px&#8221; header_2_font_size_last_edited=&#8221;on|phone&#8221; global_colors_info=&#8221;{}&#8221;]<\/p>\n<h2>Responsabilidad Empresarial<\/h2>\n<p>[\/et_pb_text][et_pb_divider color=&#8221;#144434&#8243; divider_weight=&#8221;3px&#8221; _builder_version=&#8221;4.27.0&#8243; _module_preset=&#8221;default&#8221; max_width=&#8221;14%&#8221; module_alignment=&#8221;center&#8221; animation_style=&#8221;fade&#8221; global_colors_info=&#8221;{}&#8221;][\/et_pb_divider][\/et_pb_column][\/et_pb_row][et_pb_row column_structure=&#8221;3_5,2_5&#8243; _builder_version=&#8221;4.27.0&#8243; _module_preset=&#8221;default&#8221; animation_style=&#8221;slide&#8221; animation_direction=&#8221;bottom&#8221; global_colors_info=&#8221;{}&#8221;][et_pb_column type=&#8221;3_5&#8243; _builder_version=&#8221;4.27.0&#8243; _module_preset=&#8221;default&#8221; global_colors_info=&#8221;{}&#8221;][et_pb_heading title=&#8221;Grupo Juvenil Tulu\u00e1 Vive&#8221; _builder_version=&#8221;4.27.0&#8243; _module_preset=&#8221;default&#8221; title_font=&#8221;&#8211;et_global_heading_font|700|||||||&#8221; title_text_color=&#8221;#5EB494&#8243; global_colors_info=&#8221;{}&#8221;][\/et_pb_heading][et_pb_text _builder_version=&#8221;4.27.0&#8243; _module_preset=&#8221;_initial&#8221; text_font=&#8221;Poppins|300|||||||&#8221; text_text_color=&#8221;#515151&#8243; text_font_size=&#8221;16px&#8221; global_colors_info=&#8221;{}&#8221;]<\/p>\n<div class=\"wpb_text_column wpb_content_element \">\n<div class=\"wpb_wrapper\">\n<p align=\"justify&gt;\u201c&gt;\u2019Tulu\u00e1 Vive\u2019, que fue creado a instancias de Cooemtulu\u00e1 por los hijos e hijas de los asociados, es una organizaci\u00f3n en la cual sus integrantes reciben fomaci\u00f3n sobre valores, principios cooperativos, liderazgo y formaci\u00f3n en oratoria. Asimismo, hace especial \u00e9nfasis en la protecci\u00f3n y conservaci\u00f3n de los recursos naturales y el medio ambiente.&lt;\/p&gt; &lt;p align=\" justify=\"\" style=\"text-align: justify;\">La labor social de estos j\u00f3venes se ha sentido en algunos barrios con programas de ornato y embellecimiento de zonas de esparcimiento de colegios y escuelas. No obstante, la oratoria le ha tra\u00eddo a Cooemtulua y \u2018Tulu\u00e1 Vive\u2019 sus mayores satisfacciones. Cada a\u00f1o, sus integrantes participan en el Concurso de Oratoria Seguros La Equidad obteniendo las mejores distinciones en sus diferentes modalidades.<\/p>\n<p align=\"justify\" style=\"text-align: justify;\">Al frente de \u2018Tulu\u00e1 Vive\u2019 se encuentra la psic\u00f3loga Yolanda Acosta Ram\u00edrez.<\/p>\n<\/div>\n<\/div>\n<p>[\/et_pb_text][\/et_pb_column][et_pb_column type=&#8221;2_5&#8243; _builder_version=&#8221;4.27.0&#8243; _module_preset=&#8221;default&#8221; global_colors_info=&#8221;{}&#8221;][et_pb_image src=&#8221;https:\/\/cooemtulua.coop\/site\/wp-content\/uploads\/2024\/08\/JFE_9108.jpg&#8221; title_text=&#8221;JFE_9108&#8243; force_fullwidth=&#8221;on&#8221; _builder_version=&#8221;4.27.0&#8243; _module_preset=&#8221;default&#8221; hover_enabled=&#8221;0&#8243; border_radii=&#8221;off|30px||30px|&#8221; box_shadow_style=&#8221;preset1&#8243; global_colors_info=&#8221;{}&#8221; sticky_enabled=&#8221;0&#8243;][\/et_pb_image][\/et_pb_column][\/et_pb_row][et_pb_row _builder_version=&#8221;4.27.0&#8243; _module_preset=&#8221;default&#8221; animation_style=&#8221;fade&#8221; global_colors_info=&#8221;{}&#8221;][et_pb_column type=&#8221;4_4&#8243; _builder_version=&#8221;4.27.0&#8243; _module_preset=&#8221;default&#8221; global_colors_info=&#8221;{}&#8221;][et_pb_heading title=&#8221;Gotas de Vida&#8221; _builder_version=&#8221;4.27.0&#8243; _module_preset=&#8221;default&#8221; title_font=&#8221;Poppins|700|||||||&#8221; title_text_color=&#8221;#5EB494&#8243; custom_margin=&#8221;||3px|||&#8221; global_colors_info=&#8221;{}&#8221;][\/et_pb_heading][et_pb_text _builder_version=&#8221;4.27.0&#8243; _module_preset=&#8221;_initial&#8221; text_font=&#8221;Poppins|300|||||||&#8221; text_text_color=&#8221;#515151&#8243; text_font_size=&#8221;16px&#8221; global_colors_info=&#8221;{}&#8221;]<\/p>\n<div class=\"wpb_text_column wpb_content_element \">\n<div class=\"wpb_wrapper\">\n<p align=\"justify\">Cooemtulu\u00e1, consciente de la importancia de conservar las fuentes h\u00eddricas, viene promoviendo conjuntamente con otras cooperativas un proyecto de protecci\u00f3n de cuencas h\u00eddricas de la regi\u00f3n rural de Tulu\u00e1. La propuesta de Cooemtulu\u00e1 pretende incentivar el aislamiento de las zonas protectoras o productoras de agua para garantizar la sostenibilidad del campo y el abastecimiento del preciado l\u00edquido. De esta manera Cooemtulu\u00e1 procurar\u00e1 honrar el compromiso contra\u00eddo en el D\u00e9cimo Congreso Nacional Cooperativo \u201cCambio Clim\u00e1tico y responsabilidad Colombiana: La respuesta cooperativa\u201d.<br \/>Con la asesor\u00eda de la CVC, Cooemtulu\u00e1 espera evitar un desprendimiento de tierra en el cause del r\u00edo San Marcos, uno de los afluentes tributarios al r\u00edo Tulu\u00e1. Con esta iniciativa se evitar\u00e1 el apresamiento de las aguas de este r\u00edo y las consecuencias que el mismo podr\u00eda traer para la poblaci\u00f3n de la marina y el casco urbano de la ciudad.<\/p>\n<p align=\"justify\">Para tal efecto, se ha previsto la implementaci\u00f3n de gaviones con madera que detengan el deterioro de la ribera del San Marco, propiciado por una falla geol\u00f3gica.<\/p>\n<p align=\"justify\">Las obrar se realizaran en el predio \u201cEl Escobal\u201d, de la vereda \u201cVentiaderos\u201d, de la Marina. La mano de obra es contratada con la poblaci\u00f3n beneficiaria. Con la frase \u201cHas Parte de la Soluci\u00f3n: Salva al ma\u00f1ana\u201d, Cooemtulu\u00e1 dise\u00f1o una peque\u00f1a y practica guia ambiental en la cual los asociados aprenden como convertirse en protagonistas en la conservaci\u00f3n de los recursos naturales.<\/p>\n<p align=\"justify\">De la misma forma, Cooemtulu\u00e1 apoya la propuesta de la organizaci\u00f3n Juvenil \u2018Tulu\u00e1 Vive\u2019 de reciclar los aceites de cocina y, en el futuro, convertirlos en un biocombustible. Con ellos se evita que los aceites terminen en los vertederos o en la basura.<\/p>\n<\/div>\n<\/div>\n<p>[\/et_pb_text][\/et_pb_column][\/et_pb_row][et_pb_row column_structure=&#8221;3_5,2_5&#8243; _builder_version=&#8221;4.27.0&#8243; _module_preset=&#8221;default&#8221; background_enable_image=&#8221;off&#8221; animation_style=&#8221;slide&#8221; animation_direction=&#8221;bottom&#8221; global_colors_info=&#8221;{}&#8221;][et_pb_column type=&#8221;3_5&#8243; _builder_version=&#8221;4.27.0&#8243; _module_preset=&#8221;default&#8221; global_colors_info=&#8221;{}&#8221;][et_pb_heading title=&#8221;Semillero de M\u00fasica&#8221; _builder_version=&#8221;4.27.0&#8243; _module_preset=&#8221;default&#8221; title_font=&#8221;&#8211;et_global_body_font|700|||||||&#8221; title_text_color=&#8221;#5EB494&#8243; global_colors_info=&#8221;{}&#8221;][\/et_pb_heading][et_pb_text _builder_version=&#8221;4.27.0&#8243; _module_preset=&#8221;_initial&#8221; text_font=&#8221;Poppins|300|||||||&#8221; text_text_color=&#8221;#515151&#8243; text_font_size=&#8221;16px&#8221; global_colors_info=&#8221;{}&#8221;]<\/p>\n<div class=\"vc_row wpb_row row\">\n<div class=\"vc_column_container col-md-12\">\n<div class=\"wpb_wrapper vc_column-inner\">\n<div class=\"wpb_text_column wpb_content_element \">\n<div class=\"wpb_wrapper\" style=\"text-align: justify;\">Nuestro semillero es un vibrante programa musical respaldado por Cooemtulu\u00e1. Fomentamos el talento juvenil mediante clases de m\u00fasica y actividades sociales, creando oportunidades para el desarrollo art\u00edstico y personal. \u00danete a nuestra comunidad y vive la m\u00fasica mientras participas en iniciativas que enriquecen a nuestra sociedad.<\/div>\n<\/div>\n<\/div>\n<\/div>\n<\/div>\n<p>[\/et_pb_text][\/et_pb_column][et_pb_column type=&#8221;2_5&#8243; _builder_version=&#8221;4.27.0&#8243; _module_preset=&#8221;default&#8221; global_colors_info=&#8221;{}&#8221;][et_pb_image src=&#8221;https:\/\/cooemtulua.coop\/site\/wp-content\/uploads\/2024\/08\/JFE_2794.jpg&#8221; title_text=&#8221;JFE_2794&#8243; force_fullwidth=&#8221;on&#8221; _builder_version=&#8221;4.27.0&#8243; _module_preset=&#8221;default&#8221; height=&#8221;298px&#8221; border_radii=&#8221;off|30px||30px|&#8221; box_shadow_style=&#8221;preset1&#8243; global_colors_info=&#8221;{}&#8221;][\/et_pb_image][\/et_pb_column][\/et_pb_row][\/et_pb_section]<\/p>\n ","protected":false},"excerpt":{"rendered":"<p>La CooperativaRese\u00f1a Hist\u00f3ricaLa Cooperativa de los Trabajadores de Empresas Municipales, Cooemtulu\u00e1, fue fundada el 13 de noviembre de 1965 por 49 integrantes del Sindicato de las Empresas Municipales de Tulu\u00e1, Emtulu\u00e1, que en su momento administraba los servicios de acueducto, alcantarillado, el Matadero, el pabell\u00f3n de carnes y las galer\u00edas.Cooemtulu\u00e1 inici\u00f3 labores en la sede [&hellip;]<\/p>\n","protected":false},"author":1,"featured_media":0,"parent":0,"menu_order":0,"comment_status":"closed","ping_status":"closed","template":"","meta":{"_et_pb_use_builder":"on","_et_pb_old_content":"","_et_gb_content_width":"","footnotes":""},"class_list":["post-4833","page","type-page","status-publish","hentry"],"_links":{"self":[{"href":"https:\/\/cooemtulua.coop\/site\/wp-json\/wp\/v2\/pages\/4833","targetHints":{"allow":["GET"]}}],"collection":[{"href":"https:\/\/cooemtulua.coop\/site\/wp-json\/wp\/v2\/pages"}],"about":[{"href":"https:\/\/cooemtulua.coop\/site\/wp-json\/wp\/v2\/types\/page"}],"author":[{"embeddable":true,"href":"https:\/\/cooemtulua.coop\/site\/wp-json\/wp\/v2\/users\/1"}],"replies":[{"embeddable":true,"href":"https:\/\/cooemtulua.coop\/site\/wp-json\/wp\/v2\/comments?post=4833"}],"version-history":[{"count":6,"href":"https:\/\/cooemtulua.coop\/site\/wp-json\/wp\/v2\/pages\/4833\/revisions"}],"predecessor-version":[{"id":5270,"href":"https:\/\/cooemtulua.coop\/site\/wp-json\/wp\/v2\/pages\/4833\/revisions\/5270"}],"wp:attachment":[{"href":"https:\/\/cooemtulua.coop\/site\/wp-json\/wp\/v2\/media?parent=4833"}],"curies":[{"name":"wp","href":"https:\/\/api.w.org\/{rel}","templated":true}]}}